{"id":195,"date":"2025-09-03T10:20:36","date_gmt":"2025-09-03T10:20:36","guid":{"rendered":"https:\/\/teszt.kolozsvariskola.hu\/?page_id=195"},"modified":"2025-09-03T10:20:36","modified_gmt":"2025-09-03T10:20:36","slug":"konyvtar","status":"publish","type":"page","link":"https:\/\/teszt.kolozsvariskola.hu\/index.php\/konyvtar\/","title":{"rendered":"K\u00f6nyvt\u00e1r"},"content":{"rendered":"\n<figure class=\"wp-block-image size-large is-resized\"><img loading=\"lazy\" decoding=\"async\" width=\"1024\" height=\"769\" src=\"https:\/\/teszt.kolozsvariskola.hu\/wp-content\/uploads\/2025\/09\/18-2-1024x769.jpg\" alt=\"\" class=\"wp-image-196\" style=\"width:540px;height:auto\" srcset=\"https:\/\/teszt.kolozsvariskola.hu\/wp-content\/uploads\/2025\/09\/18-2-1024x769.jpg 1024w, https:\/\/teszt.kolozsvariskola.hu\/wp-content\/uploads\/2025\/09\/18-2-300x225.jpg 300w, https:\/\/teszt.kolozsvariskola.hu\/wp-content\/uploads\/2025\/09\/18-2-768x577.jpg 768w, https:\/\/teszt.kolozsvariskola.hu\/wp-content\/uploads\/2025\/09\/18-2-1536x1154.jpg 1536w, https:\/\/teszt.kolozsvariskola.hu\/wp-content\/uploads\/2025\/09\/18-2-2048x1539.jpg 2048w\" sizes=\"auto, (max-width: 1024px) 100vw, 1024px\" \/><\/figure>\n\n\n\n<p><a href=\"https:\/\/drive.google.com\/open?id=1dybU-jMfefocgQkO1RdLO8btowfIBAHt\">Virtu\u00e1lis k\u00f6nyvespolc<\/a><\/p>\n\n\n\n<p><strong>K\u00f6nyvt\u00e1runk is alkalmazkodott a digit\u00e1lis oktat\u00e1shoz, \u00edgy virtu\u00e1lis k\u00f6nyvespolccal b\u0151v\u00fclt.<\/strong><br><strong>Itt PDF-form\u00e1tumban tal\u00e1lhattok meg nagyon sok ifj\u00fas\u00e1gi reg\u00e9nyt:<\/strong><br><strong>sz\u00f3rakoztat\u00f3t, klasszikust, k\u00f6telez\u0151t \u00e9s kort\u00e1rsat is.<\/strong><br><strong>A soksz\u00edn\u0171 k\u00f6nyvt\u00e1ri foglalkoz\u00e1sok \u201eotthoni v\u00e1ltozatak\u00e9nt\u201d a k\u00f6nyvt\u00e1ri rovatban k\u00f6nyvekhez<\/strong><br><strong>kapcsol\u00f3d\u00f3 \u00e9rdekes tev\u00e9kenys\u00e9gekr\u0151l is olvashattok.<\/strong><\/p>\n","protected":false},"excerpt":{"rendered":"<p>Virtu\u00e1lis k\u00f6nyvespolc K\u00f6nyvt\u00e1runk is alkalmazkodott a digit\u00e1lis oktat\u00e1shoz, \u00edgy virtu\u00e1lis k\u00f6nyvespolccal b\u0151v\u00fclt.Itt PDF-form\u00e1tumban tal\u00e1lhattok meg nagyon sok ifj\u00fas\u00e1gi reg\u00e9nyt:sz\u00f3rakoztat\u00f3t, klasszikust, k\u00f6telez\u0151t \u00e9s kort\u00e1rsat is.A soksz\u00edn\u0171 &hellip; <\/p>\n","protected":false},"author":1,"featured_media":0,"parent":0,"menu_order":0,"comment_status":"closed","ping_status":"closed","template":"","meta":{"_price":"","_stock":"","_tribe_ticket_header":"","_tribe_default_ticket_provider":"","_tribe_ticket_capacity":"0","_ticket_start_date":"","_ticket_end_date":"","_tribe_ticket_show_description":"","_tribe_ticket_show_not_going":false,"_tribe_ticket_use_global_stock":"","_tribe_ticket_global_stock_level":"","_global_stock_mode":"","_global_stock_cap":"","_tribe_rsvp_for_event":"","_tribe_ticket_going_count":"","_tribe_ticket_not_going_count":"","_tribe_tickets_list":"[]","_tribe_ticket_has_attendee_info_fields":false,"footnotes":"","_tec_slr_enabled":"","_tec_slr_layout":""},"class_list":["post-195","page","type-page","status-publish","hentry"],"ticketed":false,"_links":{"self":[{"href":"https:\/\/teszt.kolozsvariskola.hu\/index.php\/wp-json\/wp\/v2\/pages\/195","targetHints":{"allow":["GET"]}}],"collection":[{"href":"https:\/\/teszt.kolozsvariskola.hu\/index.php\/wp-json\/wp\/v2\/pages"}],"about":[{"href":"https:\/\/teszt.kolozsvariskola.hu\/index.php\/wp-json\/wp\/v2\/types\/page"}],"author":[{"embeddable":true,"href":"https:\/\/teszt.kolozsvariskola.hu\/index.php\/wp-json\/wp\/v2\/users\/1"}],"replies":[{"embeddable":true,"href":"https:\/\/teszt.kolozsvariskola.hu\/index.php\/wp-json\/wp\/v2\/comments?post=195"}],"version-history":[{"count":1,"href":"https:\/\/teszt.kolozsvariskola.hu\/index.php\/wp-json\/wp\/v2\/pages\/195\/revisions"}],"predecessor-version":[{"id":198,"href":"https:\/\/teszt.kolozsvariskola.hu\/index.php\/wp-json\/wp\/v2\/pages\/195\/revisions\/198"}],"wp:attachment":[{"href":"https:\/\/teszt.kolozsvariskola.hu\/index.php\/wp-json\/wp\/v2\/media?parent=195"}],"curies":[{"name":"wp","href":"https:\/\/api.w.org\/{rel}","templated":true}]}}