{"id":189,"date":"2025-09-03T10:16:28","date_gmt":"2025-09-03T10:16:28","guid":{"rendered":"https:\/\/teszt.kolozsvariskola.hu\/?page_id=189"},"modified":"2025-09-03T10:16:29","modified_gmt":"2025-09-03T10:16:29","slug":"meresi-eredmenyeink","status":"publish","type":"page","link":"https:\/\/teszt.kolozsvariskola.hu\/index.php\/meresi-eredmenyeink\/","title":{"rendered":"M\u00e9r\u00e9si eredm\u00e9nyeink"},"content":{"rendered":"\n<p><br><strong><a href=\"https:\/\/kolozsvariskola.hu\/meresieredmenyeink\/Probanyelvvizsga2024.pdf\">Pr\u00f3banyelvvizsga 2024<\/a><\/strong><\/p>\n\n\n\n<p><strong><a href=\"https:\/\/kolozsvariskola.hu\/meresieredmenyeink\/korabbiak.htm\">El\u0151z\u0151 \u00e9vek pr\u00f3banyelvvizsg\u00e1i<\/a><\/strong><strong><a href=\"https:\/\/kolozsvariskola.hu\/meresieredmenyeink\/Kompetencia.htm\">Orsz\u00e1gos kompetencia m\u00e9r\u00e9s<\/a><\/strong><\/p>\n\n\n\n<p><strong><a href=\"https:\/\/kolozsvariskola.hu\/meresieredmenyeink\/Idegennyelvi.htm\">Orsz\u00e1gos idegen nyelvi m\u00e9r\u00e9s<\/a><\/strong><\/p>\n\n\n\n<p class=\"has-background\" style=\"background:linear-gradient(135deg,rgb(255,245,203) 0%,rgb(182,227,212) 100%,rgb(51,167,181) 100%)\"><\/p>\n","protected":false},"excerpt":{"rendered":"<p>Pr\u00f3banyelvvizsga 2024 El\u0151z\u0151 \u00e9vek pr\u00f3banyelvvizsg\u00e1iOrsz\u00e1gos kompetencia m\u00e9r\u00e9s Orsz\u00e1gos idegen nyelvi m\u00e9r\u00e9s<\/p>\n","protected":false},"author":1,"featured_media":0,"parent":0,"menu_order":0,"comment_status":"closed","ping_status":"closed","template":"","meta":{"_price":"","_stock":"","_tribe_ticket_header":"","_tribe_default_ticket_provider":"","_tribe_ticket_capacity":"0","_ticket_start_date":"","_ticket_end_date":"","_tribe_ticket_show_description":"","_tribe_ticket_show_not_going":false,"_tribe_ticket_use_global_stock":"","_tribe_ticket_global_stock_level":"","_global_stock_mode":"","_global_stock_cap":"","_tribe_rsvp_for_event":"","_tribe_ticket_going_count":"","_tribe_ticket_not_going_count":"","_tribe_tickets_list":"[]","_tribe_ticket_has_attendee_info_fields":false,"footnotes":"","_tec_slr_enabled":"","_tec_slr_layout":""},"class_list":["post-189","page","type-page","status-publish","hentry"],"ticketed":false,"_links":{"self":[{"href":"https:\/\/teszt.kolozsvariskola.hu\/index.php\/wp-json\/wp\/v2\/pages\/189","targetHints":{"allow":["GET"]}}],"collection":[{"href":"https:\/\/teszt.kolozsvariskola.hu\/index.php\/wp-json\/wp\/v2\/pages"}],"about":[{"href":"https:\/\/teszt.kolozsvariskola.hu\/index.php\/wp-json\/wp\/v2\/types\/page"}],"author":[{"embeddable":true,"href":"https:\/\/teszt.kolozsvariskola.hu\/index.php\/wp-json\/wp\/v2\/users\/1"}],"replies":[{"embeddable":true,"href":"https:\/\/teszt.kolozsvariskola.hu\/index.php\/wp-json\/wp\/v2\/comments?post=189"}],"version-history":[{"count":1,"href":"https:\/\/teszt.kolozsvariskola.hu\/index.php\/wp-json\/wp\/v2\/pages\/189\/revisions"}],"predecessor-version":[{"id":191,"href":"https:\/\/teszt.kolozsvariskola.hu\/index.php\/wp-json\/wp\/v2\/pages\/189\/revisions\/191"}],"wp:attachment":[{"href":"https:\/\/teszt.kolozsvariskola.hu\/index.php\/wp-json\/wp\/v2\/media?parent=189"}],"curies":[{"name":"wp","href":"https:\/\/api.w.org\/{rel}","templated":true}]}}