{"id":186,"date":"2025-09-03T10:15:22","date_gmt":"2025-09-03T10:15:22","guid":{"rendered":"https:\/\/teszt.kolozsvariskola.hu\/?page_id=186"},"modified":"2025-09-03T10:15:23","modified_gmt":"2025-09-03T10:15:23","slug":"versenyeredmenyeink","status":"publish","type":"page","link":"https:\/\/teszt.kolozsvariskola.hu\/index.php\/versenyeredmenyeink\/","title":{"rendered":"Versenyeredm\u00e9nyeink"},"content":{"rendered":"\n<p><strong>Ker\u00fcleti angol olvasm\u00e1nyfeldolgoz\u00f3 verseny<\/strong><\/p>\n\n\n\n<p>A Robin Hood c\u00edm\u0171 k\u00f6nny\u00edtett olvasm\u00e1nyra \u00e9p\u00fclve szervezett angol versenyt a Szent Korona Iskola \u00e1prilisban. A vet\u00e9lked\u0151n egy jelenetet kellett el\u0151adni a t\u00f6rt\u00e9net alapj\u00e1n, valamint feladatlapot oldottak meg a gyerekek.<\/p>\n\n\n\n<figure class=\"wp-block-image is-resized\"><img decoding=\"async\" src=\"https:\/\/kolozsvariskola.hu\/eredmenyeink\/RobinHood.jpg\" alt=\"\" style=\"width:510px;height:auto\"\/><\/figure>\n\n\n\n<p>Csapatunk: B\u00f3li Luca, Roziczky Zs\u00f3fia \u00e9s Sz\u00e9kely Tam\u00e1s 6.b oszt\u00e1lyos tanul\u00f3k<\/p>\n\n\n\n<p>I. helyez\u00e9st \u00e9rtek el a versenyen.<\/p>\n\n\n\n<p>Felk\u00e9sz\u00edt\u0151 tan\u00e1ruk: Pugymer Gy\u00f6rgy<\/p>\n\n\n\n<p>Seg\u00edt\u0151k: Csonka Bogl\u00e1rka, Jakab M\u00e1rta<\/p>\n\n\n\n<p><strong>Gratul\u00e1lunk!<\/strong><\/p>\n\n\n\n<p><strong>Ker\u00fcleti angol verseny a Kolozsv\u00e1rban a fenntarthat\u00f3s\u00e1gr\u00f3l<\/strong><\/p>\n\n\n\n<p>A Fenntarthat\u00f3s\u00e1gi t\u00e9mah\u00e9thez illeszkedve rendezt\u00fcnk iskol\u00e1nkban angol nyelvi vet\u00e9lked\u0151t a ker\u00fclet 7-8. oszt\u00e1lyosainak \u00e1prilis 10-\u00e9n. A csapatversenyen a di\u00e1kok prezent\u00e1ci\u00f3kat adtak el\u0151 az \u00e1ltaluk v\u00e1lasztott fenntarthat\u00f3s\u00e1ghoz kapcsol\u00f3d\u00f3 t\u00e9m\u00e1ban. Ezut\u00e1n egy izgalmas kahoot vet\u00e9lked\u0151 k\u00f6vetkezett.<\/p>\n\n\n\n<p>A prezent\u00e1ci\u00f3kat \u00e9s a kv\u00edzt szakmai zs\u0171ri \u00e9rt\u00e9kelte \u00e9s pontozta: Barta Be\u00e1ta- a POK szaktan\u00e1csad\u00f3ja, Monostorin\u00e9 Pr\u00f3gl Kl\u00e1ra- a V\u00e1rosligeti K\u00e9t Tan\u00edt\u00e1si Nyelv\u0171 \u00c1ltal\u00e1nos Iskola egykori tan\u00e1ra \u00e9s Sipos L\u00e1szl\u00f3- a Teleki Blanka Gimn\u00e1zium angoltan\u00e1ra.<\/p>\n\n\n\n<p>A versenyen \u00f6t iskola vett r\u00e9szt, h\u00e9t csapattal.<\/p>\n\n\n\n<p><strong>1. helyez\u00e9s<\/strong>t \u00e9rt el a Kolozsv\u00e1r 8.a oszt\u00e1lyos csapata:<\/p>\n\n\n\n<p><strong>Csurka Szil\u00e1rd, Gy\u00f6rkei Lilla<\/strong>&nbsp;\u00e9s&nbsp;<strong>Perj\u00e9s Lili<\/strong><\/p>\n\n\n\n<p>felk\u00e9sz\u00edt\u0151 tan\u00e1raik: Csonka Bogl\u00e1rka \u00e9s Jakab M\u00e1rta<\/p>\n\n\n\n<figure class=\"wp-block-image\"><img decoding=\"async\" src=\"https:\/\/kolozsvariskola.hu\/eredmenyeink\/8-os%20csopi.jpg\" alt=\"\"\/><\/figure>\n\n\n\n<p><strong>2. helyezett<\/strong>&nbsp;lett a Kolozsv\u00e1r 7.b oszt\u00e1lyos csapata:<\/p>\n\n\n\n<p><strong>Debreceni Szabolcs, Ferenczi G\u00e1bor<\/strong>&nbsp;\u00e9s&nbsp;<strong>Sz\u00e9kely Bal\u00e1zs<\/strong><\/p>\n\n\n\n<p>felk\u00e9sz\u00edt\u0151 tan\u00e1ruk: Jakab M\u00e1rta<\/p>\n\n\n\n<figure class=\"wp-block-image\"><img decoding=\"async\" src=\"https:\/\/kolozsvariskola.hu\/eredmenyeink\/7_boys.jpg\" alt=\"\"\/><\/figure>\n\n\n\n<p>3. helyez\u00e9st \u00e9rt el a L\u00e1szl\u00f3 Gyula Gimn\u00e1zium 8.g oszt\u00e1lyos csapata<\/p>\n\n\n\n<p><strong>Gratul\u00e1lunk!<\/strong><\/p>\n\n\n\n<p><strong>Ker\u00fcleti angol nyelvi verseny<\/strong><\/p>\n\n\n\n<p>\u00cdr\u00e1sbeli angol versenyt rendezett a Kossuth Iskola, az \u00fcnnep\u00e9lyes d\u00edjkioszt\u00f3ra m\u00e1rcius v\u00e9g\u00e9n ker\u00fclt sor. Iskol\u00e1nk di\u00e1kjai kimagasl\u00f3 eredm\u00e9nyeket \u00e9rtek el:<\/p>\n\n\n\n<p><strong>Sz\u00e9kely Bal\u00e1zs<\/strong>&nbsp;7.b &#8211; 6-7. \u00e9vfolyam emelt szinten&nbsp;<strong>1. helyez\u00e9s<\/strong>t \u00e9rt el<\/p>\n\n\n\n<p>tan\u00e1ra: Jakab M\u00e1rta<\/p>\n\n\n\n<figure class=\"wp-block-image is-resized\"><img decoding=\"async\" src=\"https:\/\/kolozsvariskola.hu\/eredmenyeink\/Balazs.jpg\" alt=\"\" style=\"width:262px;height:auto\"\/><\/figure>\n\n\n\n<p><strong>Kutassy Let\u00edcia<\/strong>&nbsp;8.a &#8211; 8. \u00e9vfolyam emelt szinten&nbsp;<strong>2. helyez\u00e9s<\/strong>t szerzett<\/p>\n\n\n\n<p>tan\u00e1ra: Csonka Bogl\u00e1rka<\/p>\n\n\n\n<figure class=\"wp-block-image\"><img decoding=\"async\" src=\"https:\/\/kolozsvariskola.hu\/eredmenyeink\/leti.jpg\" alt=\"\"\/><\/figure>\n\n\n\n<p><strong>Keglovics Panka<\/strong>&nbsp;8.a &#8211; 8. \u00e9vfolyam emelt szinten a 3.&nbsp;<strong>hely<\/strong>et v\u00edvta ki<\/p>\n\n\n\n<p>tan\u00e1ra: Jakab M\u00e1rta<\/p>\n\n\n\n<figure class=\"wp-block-image\"><img decoding=\"async\" src=\"https:\/\/kolozsvariskola.hu\/eredmenyeink\/Panka.jpg\" alt=\"\"\/><\/figure>\n\n\n\n<p><strong>K\u00f3sa Zal\u00e1n<\/strong>&nbsp;5.a &#8211; 4-5. \u00e9vfolyamon emelt szinten&nbsp;<strong>2. helyezett<\/strong>&nbsp;lett<\/p>\n\n\n\n<p>tan\u00e1ra: Fodor Erika<\/p>\n\n\n\n<figure class=\"wp-block-image is-resized\"><img decoding=\"async\" src=\"https:\/\/kolozsvariskola.hu\/eredmenyeink\/zalan.jpg\" alt=\"\" style=\"width:398px;height:auto\"\/><\/figure>\n\n\n\n<p><strong>Nguyen Bao Uyen<\/strong>&nbsp;5.a &#8211; 4-5. oszt\u00e1lyosok k\u00f6z\u00f6tt, emelt szinten&nbsp;<strong>3. helyez\u00e9s<\/strong>t \u00e9rt el<\/p>\n\n\n\n<p>tan\u00e1ra: Fodor Erika<\/p>\n\n\n\n<figure class=\"wp-block-image is-resized\"><img decoding=\"async\" src=\"https:\/\/kolozsvariskola.hu\/eredmenyeink\/emma.PNG\" alt=\"\" style=\"width:371px;height:auto\"\/><\/figure>\n\n\n\n<p><strong>Szam\u00f6sv\u00f6lgyi Vivien<\/strong>&nbsp;6.a &#8211; 6-7. oszt\u00e1lyosok verseny\u00e9ben, alap szinten&nbsp;<strong>4.<\/strong>&nbsp;lett<\/p>\n\n\n\n<p>tan\u00e1ra: Jakab M\u00e1rta<\/p>\n\n\n\n<figure class=\"wp-block-image\"><img decoding=\"async\" src=\"https:\/\/kolozsvariskola.hu\/eredmenyeink\/vivi.jpg\" alt=\"\"\/><\/figure>\n\n\n\n<p><\/p>\n","protected":false},"excerpt":{"rendered":"<p>Ker\u00fcleti angol olvasm\u00e1nyfeldolgoz\u00f3 verseny A Robin Hood c\u00edm\u0171 k\u00f6nny\u00edtett olvasm\u00e1nyra \u00e9p\u00fclve szervezett angol versenyt a Szent Korona Iskola \u00e1prilisban. A vet\u00e9lked\u0151n egy jelenetet kellett el\u0151adni &hellip; <\/p>\n","protected":false},"author":1,"featured_media":0,"parent":0,"menu_order":0,"comment_status":"closed","ping_status":"closed","template":"","meta":{"_price":"","_stock":"","_tribe_ticket_header":"","_tribe_default_ticket_provider":"","_tribe_ticket_capacity":"0","_ticket_start_date":"","_ticket_end_date":"","_tribe_ticket_show_description":"","_tribe_ticket_show_not_going":false,"_tribe_ticket_use_global_stock":"","_tribe_ticket_global_stock_level":"","_global_stock_mode":"","_global_stock_cap":"","_tribe_rsvp_for_event":"","_tribe_ticket_going_count":"","_tribe_ticket_not_going_count":"","_tribe_tickets_list":"[]","_tribe_ticket_has_attendee_info_fields":false,"footnotes":"","_tec_slr_enabled":"","_tec_slr_layout":""},"class_list":["post-186","page","type-page","status-publish","hentry"],"ticketed":false,"_links":{"self":[{"href":"https:\/\/teszt.kolozsvariskola.hu\/index.php\/wp-json\/wp\/v2\/pages\/186","targetHints":{"allow":["GET"]}}],"collection":[{"href":"https:\/\/teszt.kolozsvariskola.hu\/index.php\/wp-json\/wp\/v2\/pages"}],"about":[{"href":"https:\/\/teszt.kolozsvariskola.hu\/index.php\/wp-json\/wp\/v2\/types\/page"}],"author":[{"embeddable":true,"href":"https:\/\/teszt.kolozsvariskola.hu\/index.php\/wp-json\/wp\/v2\/users\/1"}],"replies":[{"embeddable":true,"href":"https:\/\/teszt.kolozsvariskola.hu\/index.php\/wp-json\/wp\/v2\/comments?post=186"}],"version-history":[{"count":1,"href":"https:\/\/teszt.kolozsvariskola.hu\/index.php\/wp-json\/wp\/v2\/pages\/186\/revisions"}],"predecessor-version":[{"id":188,"href":"https:\/\/teszt.kolozsvariskola.hu\/index.php\/wp-json\/wp\/v2\/pages\/186\/revisions\/188"}],"wp:attachment":[{"href":"https:\/\/teszt.kolozsvariskola.hu\/index.php\/wp-json\/wp\/v2\/media?parent=186"}],"curies":[{"name":"wp","href":"https:\/\/api.w.org\/{rel}","templated":true}]}}