{"id":183,"date":"2025-09-03T09:05:33","date_gmt":"2025-09-03T09:05:33","guid":{"rendered":"https:\/\/teszt.kolozsvariskola.hu\/?page_id=183"},"modified":"2025-09-03T09:05:33","modified_gmt":"2025-09-03T09:05:33","slug":"leendo-elsosoknek","status":"publish","type":"page","link":"https:\/\/teszt.kolozsvariskola.hu\/index.php\/leendo-elsosoknek\/","title":{"rendered":"Leend\u0151 els\u0151s\u00f6knek"},"content":{"rendered":"\n<p><strong><a href=\"https:\/\/kolozsvariskola.hu\/hirek\/kreta_jelentkezes_2025.pdf\"><br>T\u00e1j\u00e9koztat\u00f3 a KR\u00c9TA elektronikus, el\u0151zetes jelentkez\u00e9sr\u0151l leend\u0151 els\u0151s\u00f6k sz\u00fclei sz\u00e1m\u00e1ra<\/a><\/strong><\/p>\n\n\n\n<p><strong><a href=\"https:\/\/kolozsvariskola.hu\/hirek\/Felhivas%20tankotelesse%20valo%20gyermekek%20altalanos%20iskolai%20beiratasara.pdf\">Felh\u00edv\u00e1s a tank\u00f6teless\u00e9 v\u00e1l\u00f3 gyermekek iskolai be\u00edrat\u00e1s\u00e1ra<\/a><\/strong><\/p>\n\n\n\n<p><a href=\"https:\/\/kolozsvariskola.hu\/elsosok\/Korzethatarok.pdf\">Az iskola k\u00f6rzethat\u00e1rai<\/a><\/p>\n\n\n\n<p><strong><a href=\"https:\/\/kolozsvariskola.hu\/elsosok\/sulivaro.pdf\">A Kolozsv\u00e1r Utcai \u00c1ltal\u00e1nos Iskola Suliv\u00e1r\u00f3 programja<\/a><\/strong><\/p>\n\n\n\n<p><strong><em>ISKOL\u00c1NKR\u00d3L<\/em><\/strong><\/p>\n\n\n\n<p>Int\u00e9zm\u00e9ny\u00fcnk 2014 \u00f3ta viseli az&nbsp;<strong>\u00d6R\u00d6K\u00d6S \u00d6KOISKOLA<\/strong>&nbsp;c\u00edmet,<br>ez\u00e9rt nagy hangs\u00falyt fektet\u00fcnk a gyermekek k\u00f6rnyezettudatos nevel\u00e9s\u00e9re.<br>Fontos \u00e9rt\u00e9knek tartjuk az eg\u00e9szs\u00e9ges \u00e9letm\u00f3d kialak\u00edt\u00e1s\u00e1t.<\/p>\n\n\n\n<p>Els\u0151 oszt\u00e1lyainkban&nbsp; hangoztat\u00f3 elemz\u0151- \u00f6sszetev\u0151 m\u00f3dszerrel, sz\u00f3tagolva tan\u00edtjuk az olvas\u00e1st,<br>amelynek seg\u00edts\u00e9g\u00e9vel megalapozzuk a gyerekek helyes\u00edr\u00e1si k\u00e9szs\u00e9g\u00e9t is.<\/p>\n\n\n\n<p>Iskol\u00e1nkban&nbsp;emelt szint\u0171 angol&nbsp;nyelvoktat\u00e1s folyik csoportbont\u00e1sban.<br>A kedvez\u0151 k\u00f6r\u00fclm\u00e9nyek&nbsp;&nbsp; &#8211; korszer\u0171 nyelvi labor &#8211; seg\u00edtik a tanul\u00f3kat<br>a nyelv magas szint\u0171 elsaj\u00e1t\u00edt\u00e1s\u00e1ban.<\/p>\n\n\n\n<p>2018\/2019-ben a ker\u00fcletben els\u0151k\u00e9nt nyert\u00fck el a&nbsp;<strong><u>Boldog Iskola<\/u><\/strong>&nbsp;c\u00edmet,<br>melynek keret\u00e9n bel\u00fcl boldogs\u00e1g\u00f3r\u00e1kat tartunk a gyerekeknek.<\/p>\n\n\n\n<p>Digit\u00e1lis kult\u00fara&nbsp;\u00f3r\u00e1inkat multim\u00e9di\u00e1s g\u00e9pteremben, szint\u00e9n kiscsoportokban tartjuk.<\/p>\n\n\n\n<p>A&nbsp;testnevel\u00e9s&nbsp;kiemelt szerepet kap iskol\u00e1nkban.<\/p>\n\n\n\n<p>Tan\u00f3r\u00e1inkon&nbsp;rendszeresen alkalmazunk differenci\u00e1lt foglalkoz\u00e1sokat \u00e9s kooperat\u00edv<br>tanul\u00e1si technik\u00e1t. A tehets\u00e9ggondoz\u00e1st szakk\u00f6reink, a felz\u00e1rk\u00f3ztat\u00e1st korrepet\u00e1l\u00e1sok,<br>fejleszt\u0151 pedag\u00f3gus \u00e9s logop\u00e9dus seg\u00edti.<\/p>\n\n\n\n<p>Az als\u00f3 tagozaton a tan\u00f3r\u00e1kat minden oszt\u00e1lyban tartalmas&nbsp;d\u00e9lut\u00e1ni foglalkoz\u00e1sok&nbsp;k\u00f6vetik:<br>&nbsp;szakk\u00f6r\u00f6k, sportfoglalkoz\u00e1sok, k\u00f6nyvt\u00e1r, klubnapk\u00f6zi, zeneoktat\u00e1s.<\/p>\n\n\n\n<p><strong>Iskol\u00e1nk hagyom\u00e1nyai:<\/strong>&nbsp;m\u00fazeum-, sz\u00ednh\u00e1zl\u00e1togat\u00e1sok, kar\u00e1csonyi m\u0171sor, farsang,<br>oszt\u00e1lykir\u00e1ndul\u00e1sok.<\/p>\n","protected":false},"excerpt":{"rendered":"<p>T\u00e1j\u00e9koztat\u00f3 a KR\u00c9TA elektronikus, el\u0151zetes jelentkez\u00e9sr\u0151l leend\u0151 els\u0151s\u00f6k sz\u00fclei sz\u00e1m\u00e1ra Felh\u00edv\u00e1s a tank\u00f6teless\u00e9 v\u00e1l\u00f3 gyermekek iskolai be\u00edrat\u00e1s\u00e1ra Az iskola k\u00f6rzethat\u00e1rai A Kolozsv\u00e1r Utcai \u00c1ltal\u00e1nos Iskola &hellip; <\/p>\n","protected":false},"author":1,"featured_media":0,"parent":0,"menu_order":0,"comment_status":"closed","ping_status":"closed","template":"","meta":{"_price":"","_stock":"","_tribe_ticket_header":"","_tribe_default_ticket_provider":"","_tribe_ticket_capacity":"0","_ticket_start_date":"","_ticket_end_date":"","_tribe_ticket_show_description":"","_tribe_ticket_show_not_going":false,"_tribe_ticket_use_global_stock":"","_tribe_ticket_global_stock_level":"","_global_stock_mode":"","_global_stock_cap":"","_tribe_rsvp_for_event":"","_tribe_ticket_going_count":"","_tribe_ticket_not_going_count":"","_tribe_tickets_list":"[]","_tribe_ticket_has_attendee_info_fields":false,"footnotes":"","_tec_slr_enabled":"","_tec_slr_layout":""},"class_list":["post-183","page","type-page","status-publish","hentry"],"ticketed":false,"_links":{"self":[{"href":"https:\/\/teszt.kolozsvariskola.hu\/index.php\/wp-json\/wp\/v2\/pages\/183","targetHints":{"allow":["GET"]}}],"collection":[{"href":"https:\/\/teszt.kolozsvariskola.hu\/index.php\/wp-json\/wp\/v2\/pages"}],"about":[{"href":"https:\/\/teszt.kolozsvariskola.hu\/index.php\/wp-json\/wp\/v2\/types\/page"}],"author":[{"embeddable":true,"href":"https:\/\/teszt.kolozsvariskola.hu\/index.php\/wp-json\/wp\/v2\/users\/1"}],"replies":[{"embeddable":true,"href":"https:\/\/teszt.kolozsvariskola.hu\/index.php\/wp-json\/wp\/v2\/comments?post=183"}],"version-history":[{"count":1,"href":"https:\/\/teszt.kolozsvariskola.hu\/index.php\/wp-json\/wp\/v2\/pages\/183\/revisions"}],"predecessor-version":[{"id":185,"href":"https:\/\/teszt.kolozsvariskola.hu\/index.php\/wp-json\/wp\/v2\/pages\/183\/revisions\/185"}],"wp:attachment":[{"href":"https:\/\/teszt.kolozsvariskola.hu\/index.php\/wp-json\/wp\/v2\/media?parent=183"}],"curies":[{"name":"wp","href":"https:\/\/api.w.org\/{rel}","templated":true}]}}