{"id":180,"date":"2025-09-03T09:04:32","date_gmt":"2025-09-03T09:04:32","guid":{"rendered":"https:\/\/teszt.kolozsvariskola.hu\/?page_id=180"},"modified":"2025-09-03T09:04:33","modified_gmt":"2025-09-03T09:04:33","slug":"bemutatkozunk","status":"publish","type":"page","link":"https:\/\/teszt.kolozsvariskola.hu\/index.php\/bemutatkozunk\/","title":{"rendered":"Bemutatkozunk"},"content":{"rendered":"\n<p><em><strong> Pedag\u00f3giai hitvall\u00e1sunk mott\u00f3ja:<\/strong>\u201e<strong><em>Az iskola dolga, hogy megtan\u00edttassa vel\u00fcnk, hogyan kell tanulni, hogy felkeltse a tud\u00e1s ir\u00e1nti \u00e9tv\u00e1gyunkat, hogy megtan\u00edtson benn\u00fcnket a j\u00f3l v\u00e9gzett munka \u00f6r\u00f6m\u00e9re \u00e9s az alkot\u00e1s izgalm\u00e1ra, hogy megtan\u00edtson szeretni, amit csin\u00e1lunk, \u00e9s hogy seg\u00edtsen megtal\u00e1lni azt, amit szeret\u00fcnk csin\u00e1lni.\u201d<\/em><\/strong><br><strong>\u00a0\u00a0\u00a0\u00a0\u00a0\u00a0\u00a0\u00a0\u00a0\u00a0\u00a0\u00a0\u00a0\u00a0\u00a0\u00a0\u00a0\u00a0\u00a0\u00a0\u00a0\u00a0\u00a0\u00a0\u00a0\u00a0\u00a0\u00a0\u00a0\u00a0\u00a0\u00a0\u00a0\u00a0\u00a0\u00a0\u00a0\u00a0\u00a0\u00a0\u00a0\u00a0\u00a0\u00a0\u00a0\u00a0\u00a0\u00a0\u00a0\u00a0\u00a0\u00a0\u00a0\u00a0\u00a0\u00a0\u00a0\u00a0\u00a0\u00a0\u00a0\u00a0\u00a0\u00a0\u00a0\u00a0\u00a0\u00a0\u00a0\u00a0\u00a0\u00a0\u00a0\u00a0\u00a0\u00a0\u00a0\u00a0\u00a0\u00a0\u00a0\u00a0\u00a0\u00a0\u00a0\u00a0\u00a0\u00a0\u00a0\u00a0\u00a0\u00a0\u00a0\u00a0\u00a0\u00a0\u00a0 \u00a0\u00a0\u00a0\u00a0\u00a0\u00a0\u00a0\u00a0\u00a0\u00a0\u00a0\u00a0\u00a0\u00a0\u00a0\u00a0\u00a0\u00a0\u00a0\u00a0\u00a0\u00a0\u00a0\u00a0\u00a0\u00a0\u00a0\u00a0\u00a0\u00a0\u00a0\u00a0\u00a0\u00a0\u00a0\u00a0\u00a0\u00a0\u00a0\u00a0\u00a0\u00a0\u00a0\u00a0\u00a0\u00a0\u00a0\u00a0\u00a0\u00a0\u00a0\u00a0\u00a0\u00a0\u00a0\u00a0\u00a0 \/Szent-Gy\u00f6rgyi Albert\/\u00a0<\/strong><strong><em>\u00a0\u00a0C\u00e9lmeghat\u00e1roz\u00e1sunk:<\/em><\/strong>Fontosnak tartjuk az iskolai nevel\u0151-oktat\u00f3 munka hat\u00e9konys\u00e1g\u00e1nak n\u00f6vel\u00e9s\u00e9t, a tanul\u00f3k k\u00e9szs\u00e9geinek kibontakoztat\u00e1s\u00e1t, k\u00e9pess\u00e9geinek folyamatos fejleszt\u00e9s\u00e9t, a szil\u00e1rd erk\u00f6lcsi normarendszer kialak\u00edt\u00e1s\u00e1t. Ismeret \u00e9s tud\u00e1s, \u00e9rt\u00e9k \u00e9s m\u00e9rt\u00e9k, lelkiismeret \u00e9s szeretet legyen di\u00e1kjaink bels\u0151 ir\u00e1nyt\u0171je.\u00a0Olyan alapm\u0171velts\u00e9get-k\u00e9pzetts\u00e9get ny\u00fajt\u00f3 oktat\u00e1sra- nevel\u00e9sre t\u00f6reksz\u00fcnk, amely:\u00a0\u00d8\u00a0\u00a0megtan\u00edtja tanul\u00f3it tanulni, felk\u00e9sz\u00edt az eg\u00e9sz \u00e9leten \u00e1t tart\u00f3 tanul\u00e1sra,\u00d8\u00a0\u00a0kompetenciafejleszt\u00e9sre, tev\u00e9kenykedtet\u00e9sre \u00e9p\u00edt,\u00d8\u00a0\u00a0differenci\u00e1lt k\u00e9pess\u00e9geket kibontakoztat\u00f3 \u00e9s a tehets\u00e9gfejleszt\u0151 programokat, m\u00f3dszereket haszn\u00e1l,\u00d8\u00a0\u00a0kooperat\u00edv technik\u00e1k, projektek alkalmaz\u00e1s\u00e1val\u00a0tudja a tan\u00edt\u00e1si folyamatot meg\u00faj\u00edtani,\u00d8\u00a0\u00a0k\u00f6rnyezettudatos gondolkod\u00e1sra nevel,\u00d8\u00a0\u00a0kialak\u00edtja a gyermekekben az eg\u00e9szs\u00e9ges \u00e9letm\u00f3d ir\u00e1nti ig\u00e9nyt,\u00d8\u00a0\u00a0felk\u00e9sz\u00edti a tov\u00e1bbtanul\u00e1sra di\u00e1kjait, seg\u00edti a sikeres p\u00e1lyav\u00e1laszt\u00e1sban,\u00d8\u00a0\u00a0biztos\u00edtja a tanul\u00f3k es\u00e9lyegyenl\u0151s\u00e9g\u00e9t, cs\u00f6kkenti az indul\u00e1si h\u00e1tr\u00e1nyokat,\u00d8\u00a0\u00a0a mozg\u00e1s, a sport a tanul\u00f3k \u00e9let\u00e9nek szerves r\u00e9sze,\u00d8\u00a0\u00a0t\u00e1mogatja a tanul\u00f3k zenei k\u00e9pess\u00e9g\u00e9nek fejleszt\u00e9s\u00e9t,\u00d8\u00a0\u00a0fontosnak tartja az iskola eddigi eredm\u00e9nyeinek meg\u0151rz\u00e9s\u00e9t, \u00e9rt\u00e9keinek \u00e9s hagyom\u00e1nyaink megtart\u00e1s\u00e1t,\u00d8\u00a0\u00a0az iskolai k\u00f6z\u00f6ss\u00e9g\u00e9p\u00edt\u00e9sen kereszt\u00fcl a szabadid\u0151s tev\u00e9kenys\u00e9gek hasznos kit\u00f6lt\u00e9s\u00e9t is megszervezi,\u00d8\u00a0\u00a0t\u00e1mogatja a\u00a0nagy szakmai tud\u00e1ssal rendelkez\u0151, emberi \u00e9rt\u00e9kekre ig\u00e9nyes pedag\u00f3gusok tov\u00e1bbk\u00e9pz\u00e9s\u00e9t,\u00d8\u00a0\u00a0t\u00e1maszkodik a sz\u00fcl\u0151k egy\u00fcttm\u0171k\u00f6d\u00e9s\u00e9re az iskola c\u00e9ljainak el\u00e9r\u00e9s\u00e9ben.\u00a0A meg\u00fajul\u00f3 iskol\u00e1ban a r\u00e9gi \u00e9s az \u00faj \u00e9rt\u00e9kek, az \u00e1lland\u00f3s\u00e1g \u00e9s a v\u00e1ltoz\u00e1s legyenek egyens\u00falyban.<br>A min\u0151s\u00e9gi nevel\u00e9s \u00e9s oktat\u00e1s tov\u00e1bbvitele, az \u00e9rt\u00e9kek meg\u0151rz\u00e9se \u00e9s a versenyk\u00e9pess\u00e9g megteremt\u00e9se a c\u00e9l.Az iskola arculata az angol, testnevel\u00e9s \u00e9s k\u00f6rnyezeti nevel\u00e9s \/\u00d6KO\/ c\u00edmszavakn\u00e1l megismerhet\u0151.<\/em><\/p>\n\n\n\n<p class=\"has-background\" style=\"background:linear-gradient(135deg,rgb(255,245,203) 0%,rgb(182,227,212) 46%,rgb(51,167,181) 100%)\"><\/p>\n","protected":false},"excerpt":{"rendered":"<p>Pedag\u00f3giai hitvall\u00e1sunk mott\u00f3ja:\u201eAz iskola dolga, hogy megtan\u00edttassa vel\u00fcnk, hogyan kell tanulni, hogy felkeltse a tud\u00e1s ir\u00e1nti \u00e9tv\u00e1gyunkat, hogy megtan\u00edtson benn\u00fcnket a j\u00f3l v\u00e9gzett munka \u00f6r\u00f6m\u00e9re &hellip; <\/p>\n","protected":false},"author":1,"featured_media":0,"parent":0,"menu_order":0,"comment_status":"closed","ping_status":"closed","template":"","meta":{"_price":"","_stock":"","_tribe_ticket_header":"","_tribe_default_ticket_provider":"","_tribe_ticket_capacity":"0","_ticket_start_date":"","_ticket_end_date":"","_tribe_ticket_show_description":"","_tribe_ticket_show_not_going":false,"_tribe_ticket_use_global_stock":"","_tribe_ticket_global_stock_level":"","_global_stock_mode":"","_global_stock_cap":"","_tribe_rsvp_for_event":"","_tribe_ticket_going_count":"","_tribe_ticket_not_going_count":"","_tribe_tickets_list":"[]","_tribe_ticket_has_attendee_info_fields":false,"footnotes":"","_tec_slr_enabled":"","_tec_slr_layout":""},"class_list":["post-180","page","type-page","status-publish","hentry"],"ticketed":false,"_links":{"self":[{"href":"https:\/\/teszt.kolozsvariskola.hu\/index.php\/wp-json\/wp\/v2\/pages\/180","targetHints":{"allow":["GET"]}}],"collection":[{"href":"https:\/\/teszt.kolozsvariskola.hu\/index.php\/wp-json\/wp\/v2\/pages"}],"about":[{"href":"https:\/\/teszt.kolozsvariskola.hu\/index.php\/wp-json\/wp\/v2\/types\/page"}],"author":[{"embeddable":true,"href":"https:\/\/teszt.kolozsvariskola.hu\/index.php\/wp-json\/wp\/v2\/users\/1"}],"replies":[{"embeddable":true,"href":"https:\/\/teszt.kolozsvariskola.hu\/index.php\/wp-json\/wp\/v2\/comments?post=180"}],"version-history":[{"count":1,"href":"https:\/\/teszt.kolozsvariskola.hu\/index.php\/wp-json\/wp\/v2\/pages\/180\/revisions"}],"predecessor-version":[{"id":182,"href":"https:\/\/teszt.kolozsvariskola.hu\/index.php\/wp-json\/wp\/v2\/pages\/180\/revisions\/182"}],"wp:attachment":[{"href":"https:\/\/teszt.kolozsvariskola.hu\/index.php\/wp-json\/wp\/v2\/media?parent=180"}],"curies":[{"name":"wp","href":"https:\/\/api.w.org\/{rel}","templated":true}]}}