{"id":174,"date":"2025-09-02T11:26:18","date_gmt":"2025-09-02T11:26:18","guid":{"rendered":"https:\/\/teszt.kolozsvariskola.hu\/?page_id=174"},"modified":"2025-09-02T11:26:18","modified_gmt":"2025-09-02T11:26:18","slug":"angol","status":"publish","type":"page","link":"https:\/\/teszt.kolozsvariskola.hu\/index.php\/angol\/","title":{"rendered":"Angol"},"content":{"rendered":"\n<p><strong>Angol nyelvoktat\u00e1s<\/strong><\/p>\n\n\n\n<p>2008 \u00f3ta tan\u00edtjuk emelt szinten az angolt iskol\u00e1nkban.<br>Di\u00e1kjaink k\u00f6z\u00fcl sokan k\u00e9t tan\u00edt\u00e1si nyelv\u0171 vagy nyelvi el\u0151k\u00e9sz\u00edt\u0151s gimn\u00e1ziumokban,<br>szakgimn\u00e1ziumokban tanulnak tov\u00e1bb.<\/p>\n\n\n\n<p>A 2018\/2019-es tan\u00e9vt\u0151l mindk\u00e9t els\u0151 oszt\u00e1lyban n\u00e9vsor szerinti csoportbont\u00e1sban<br>tanulnak nyelvet a gyerekek heti egy alkalommal,<br>a m\u00e1sodik \u00e9s harmadik \u00e9vfolyamosoknak heti 2 \u00f3r\u00e1juk van.<\/p>\n\n\n\n<p>Harmadik oszt\u00e1ly v\u00e9g\u00e9n szintfelm\u00e9r\u0151 alapj\u00e1n alak\u00edtjuk ki a tov\u00e1bbi csoportokat.<\/p>\n\n\n\n<p>Negyedik oszt\u00e1lyt\u00f3l az emelt szinten tanul\u00f3 gyerekeknek heti 4,<br>a norm\u00e1l tanterv szerint halad\u00f3knak heti 2 angol\u00f3r\u00e1juk van.<br>Fels\u0151 tagozaton az \u00f3rasz\u00e1m heti 5-re, illetve heti 3-ra emelkedik.<\/p>\n\n\n\n<p>Legfontosabb c\u00e9lunk a gyerekek idegen nyelvi kommunikat\u00edv kompetenci\u00e1j\u00e1nak megalapoz\u00e1sa<br>\u00e9s fejleszt\u00e9se. Nagyon fontosnak tartjuk a motiv\u00e1ci\u00f3 &#8211; az angol nyelv ir\u00e1nti \u00e9rdekl\u0151d\u00e9s-<br>kialak\u00edt\u00e1s\u00e1t az els\u0151 \u00e9vfolyamokon. Sok nyelvi j\u00e1t\u00e9kkal, angol nyelv\u0171 dalokkal<br>\u00e9s mond\u00f3k\u00e1kkal alapozzuk meg a nyelvoktat\u00e1st, alkalmazzuk a differenci\u00e1l\u00e1s \u00e9s a<br>kooperat\u00edv technik\u00e1kban rejl\u0151 lehet\u0151s\u00e9geket.<br>Interakt\u00edv tananyagot is haszn\u00e1lunk.<br>&nbsp;<\/p>\n\n\n\n<p>Az angol-informatika teremben online feladatokat oldanak meg a gyerekek, \u00e9s a<br>tank\u00f6nyvh\u00f6z tartoz\u00f3 digit\u00e1lis feladatgy\u0171jtem\u00e9nyben is dolgoznak.<\/p>\n\n\n\n<p>Hatodik oszt\u00e1lyt\u00f3l az 5 \u00f3r\u00e1ban tanul\u00f3 di\u00e1kok angol nyelv\u0171 k\u00f6telez\u0151 olvasm\u00e1nyt kapnak.<\/p>\n\n\n\n<p>Hetedik \u00e9s nyolcadik \u00e9vfolyamos tanul\u00f3ink r\u00e9sz\u00e9re felv\u00e9teli el\u0151k\u00e9sz\u00edt\u0151t tartunk,<br>&nbsp;pr\u00f3banyelvvizsg\u00e1t szervez\u00fcnk.<\/p>\n\n\n\n<p>Az emelt \u00f3rasz\u00e1mban tanul\u00f3 di\u00e1kjaink az \u00e1ltal\u00e1nos iskola v\u00e9g\u00e9re B1 nyelvi szintet \u00e9rhetnek el.<\/p>\n\n\n\n<p><em><strong>&nbsp;Jakab M\u00e1rta<\/strong><\/em>&nbsp;angol nyelvi munkak\u00f6z\u00f6ss\u00e9g-vezet\u0151<\/p>\n\n\n\n<p><br><strong><a href=\"https:\/\/kolozsvariskola.hu\/angol\/Probanyelvvizsga2024.pdf\">Pr\u00f3banyelvvizsga 2024<\/a><\/strong><\/p>\n\n\n\n<p><strong><a href=\"https:\/\/kolozsvariskola.hu\/angol\/online_angol.pdf\">Hat\u00e1rok n\u00e9lk\u00fcl &#8211; online angol\u00f3ra<\/a><\/strong><\/p>\n\n\n\n<p><strong><a href=\"https:\/\/kolozsvariskola.hu\/angol\/halloween_2024_honlap.pdf\">Halloween&#8217;s party<\/a><\/strong><\/p>\n\n\n\n<p><strong><a href=\"https:\/\/kolozsvariskola.hu\/angol\/keruleti_angol_verseny.pdf\">Ker\u00fcleti angol kommunik\u00e1ci\u00f3s verseny<\/a><\/strong><\/p>\n\n\n\n<p><strong><a href=\"https:\/\/kolozsvariskola.hu\/angol\/Keruleti_angol_nyelvi_kreativ_iras_verseny.pdf\">Ker\u00fcleti angol nyelvi kreat\u00edv \u00edr\u00e1s verseny<\/a><\/strong><\/p>\n\n\n\n<p><strong><a href=\"https:\/\/kolozsvariskola.hu\/angol\/Keruleti_angol_nyelvi_verseny_kossuth.pdf\">Ker\u00fcleti angol nyelvi verseny<\/a><\/strong><\/p>\n\n\n\n<p><strong><a href=\"https:\/\/kolozsvariskola.hu\/angol\/Keruleti_angol_verseny_a_Kolozsvarban_a_fenntarthatosagrol.pdf\">Ker\u00fcleti angol verseny a Kolozsv\u00e1rban a fenntarthat\u00f3s\u00e1gr\u00f3l<\/a><\/strong><\/p>\n\n\n\n<p><strong><a href=\"https:\/\/kolozsvariskola.hu\/angol\/Keruleti_angol_olvasmanyfeldolgozo_verseny.pdf\">Ker\u00fcleti angol olvasm\u00e1nyfeldolgoz\u00f3 verseny<\/a><\/strong><\/p>\n","protected":false},"excerpt":{"rendered":"<p>Angol nyelvoktat\u00e1s 2008 \u00f3ta tan\u00edtjuk emelt szinten az angolt iskol\u00e1nkban.Di\u00e1kjaink k\u00f6z\u00fcl sokan k\u00e9t tan\u00edt\u00e1si nyelv\u0171 vagy nyelvi el\u0151k\u00e9sz\u00edt\u0151s gimn\u00e1ziumokban,szakgimn\u00e1ziumokban tanulnak tov\u00e1bb. A 2018\/2019-es tan\u00e9vt\u0151l mindk\u00e9t &hellip; <\/p>\n","protected":false},"author":1,"featured_media":0,"parent":0,"menu_order":0,"comment_status":"closed","ping_status":"closed","template":"","meta":{"_price":"","_stock":"","_tribe_ticket_header":"","_tribe_default_ticket_provider":"","_tribe_ticket_capacity":"0","_ticket_start_date":"","_ticket_end_date":"","_tribe_ticket_show_description":"","_tribe_ticket_show_not_going":false,"_tribe_ticket_use_global_stock":"","_tribe_ticket_global_stock_level":"","_global_stock_mode":"","_global_stock_cap":"","_tribe_rsvp_for_event":"","_tribe_ticket_going_count":"","_tribe_ticket_not_going_count":"","_tribe_tickets_list":"[]","_tribe_ticket_has_attendee_info_fields":false,"footnotes":"","_tec_slr_enabled":"","_tec_slr_layout":""},"class_list":["post-174","page","type-page","status-publish","hentry"],"ticketed":false,"_links":{"self":[{"href":"https:\/\/teszt.kolozsvariskola.hu\/index.php\/wp-json\/wp\/v2\/pages\/174","targetHints":{"allow":["GET"]}}],"collection":[{"href":"https:\/\/teszt.kolozsvariskola.hu\/index.php\/wp-json\/wp\/v2\/pages"}],"about":[{"href":"https:\/\/teszt.kolozsvariskola.hu\/index.php\/wp-json\/wp\/v2\/types\/page"}],"author":[{"embeddable":true,"href":"https:\/\/teszt.kolozsvariskola.hu\/index.php\/wp-json\/wp\/v2\/users\/1"}],"replies":[{"embeddable":true,"href":"https:\/\/teszt.kolozsvariskola.hu\/index.php\/wp-json\/wp\/v2\/comments?post=174"}],"version-history":[{"count":1,"href":"https:\/\/teszt.kolozsvariskola.hu\/index.php\/wp-json\/wp\/v2\/pages\/174\/revisions"}],"predecessor-version":[{"id":176,"href":"https:\/\/teszt.kolozsvariskola.hu\/index.php\/wp-json\/wp\/v2\/pages\/174\/revisions\/176"}],"wp:attachment":[{"href":"https:\/\/teszt.kolozsvariskola.hu\/index.php\/wp-json\/wp\/v2\/media?parent=174"}],"curies":[{"name":"wp","href":"https:\/\/api.w.org\/{rel}","templated":true}]}}