{"id":165,"date":"2025-09-02T11:23:58","date_gmt":"2025-09-02T11:23:58","guid":{"rendered":"https:\/\/teszt.kolozsvariskola.hu\/?page_id=165"},"modified":"2025-09-02T11:23:58","modified_gmt":"2025-09-02T11:23:58","slug":"rolunk-szol","status":"publish","type":"page","link":"https:\/\/teszt.kolozsvariskola.hu\/index.php\/rolunk-szol\/","title":{"rendered":"R\u00f3lunk sz\u00f3l"},"content":{"rendered":"\n<figure class=\"wp-block-table\"><table class=\"has-fixed-layout\"><tbody><tr><td><br>\u00a0<em><a href=\"https:\/\/kolozsvariskola.hu\/Rolunk\/Rolunkkep\/Kolteszet%20napja%20kicsit%20maskepp.pdf\">-&#8220;K\u00f6lt\u00e9szet napja kicsit m\u00e1sk\u00e9pp&#8221;(Tizen\u00f6t\u00f6dik 2021\/04\/22)<\/a><\/em><br><em><a href=\"https:\/\/kolozsvariskola.hu\/Rolunk\/Rolunkkep\/Sport_osztondij.pdf\">-&#8220;Sport \u00f6szt\u00f6nd\u00edj&#8221;(\u00c9letk\u00e9pek 2020\/10)<\/a>-&#8220;<a href=\"https:\/\/kolozsvariskola.hu\/Rolunk\/Rolunkkep\/Bita.jpg\">Az \u00e9<\/a><\/em><br><em><a href=\"https:\/\/kolozsvariskola.hu\/Rolunk\/Rolunkkep\/Bita.jpg\">v tan\u00e1ra ker\u00fcleti d\u00edjazottja 2019.&#8221;(\u00c9letk\u00e9pek 2019\/24)<\/a><\/em><a href=\"https:\/\/kolozsvariskola.hu\/Rolunk\/Rolunkkep\/Angolverseny.jpg\"><em>-&#8220;Mes\u00e9s <\/em><\/a><br><a href=\"https:\/\/kolozsvariskola.hu\/Rolunk\/Rolunkkep\/Angolverseny.jpg\"><em>angolverseny&#8221;(\u00c9letk\u00e9pek 2019\/8)<\/em><\/a><em><a href=\"https:\/\/kolozsvariskola.hu\/Rolunk\/Rolunkkep\/Nepdalverseny.jpg\">-&#8220;N\u00e9pdal\u00e9n<\/a><\/em><br><em><a href=\"https:\/\/kolozsvariskola.hu\/Rolunk\/Rolunkkep\/Nepdalverseny.jpg\">ekl\u00e9si verseny&#8221;(\u00c9letk\u00e9pek 2018\/23)<\/a><a href=\"https:\/\/kolozsvariskola.hu\/Rolunk\/Rolunkkep\/Nyilt%20nap%20a%20rendorsegen.jpg\">-&#8220;Ny\u00edlt nap a <\/a><\/em><br><em><a href=\"https:\/\/kolozsvariskola.hu\/Rolunk\/Rolunkkep\/Nyilt%20nap%20a%20rendorsegen.jpg\">rend\u0151rs\u00e9gen&#8221;(\u00c9letk\u00e9pek 2018\/19)<\/a><a href=\"https:\/\/kolozsvariskola.hu\/Rolunk\/Rolunkkep\/Zsivaj%20a%20kapitanysagon.jpg\">-&#8220;Zsivaj a kapit<\/a><\/em><br><em><a href=\"https:\/\/kolozsvariskola.hu\/Rolunk\/Rolunkkep\/Zsivaj%20a%20kapitanysagon.jpg\">\u00e1nys\u00e1gon&#8221;(\u00c9letk\u00e9pek 2018\/19)<\/a><a href=\"http:\/\/xvmedia.hu\/video\/gyermeksereg-a-rendorseg-udvaran\/\">-&#8220;Gyermeksereg a rend<\/a><\/em><br><em><a href=\"http:\/\/xvmedia.hu\/video\/gyermeksereg-a-rendorseg-udvaran\/\">\u0151rs\u00e9g udvar\u00e1n&#8221;(XV M\u00e9dia)<\/a><a href=\"https:\/\/kolozsvariskola.hu\/Rolunk\/Rolunkkep\/Csaladi%20delutan.pdf\">-&#8220;Csal\u00e1di d\u00e9lut\u00e1n&#8221;(\u00c9letk\u00e9pek 201<\/a><\/em><br><em><a href=\"https:\/\/kolozsvariskola.hu\/Rolunk\/Rolunkkep\/Csaladi%20delutan.pdf\">8\/17)<\/a><a href=\"https:\/\/kolozsvariskola.hu\/Rolunk\/Rolunkkep\/Gala.pdf\">-&#8220;G\u00e1l\u00e1zott a Kolozsv\u00e1r suli&#8221;(\u00c9letk\u00e9pek 2018\/10)<\/a><a href=\"https:\/\/kolozsvariskola.hu\/Rolunk\/Rolunkkep\/Ovioliimpia.pdf\">-&#8220;Ovis olimpiko<\/a><\/em><br><em><a href=\"https:\/\/kolozsvariskola.hu\/Rolunk\/Rolunkkep\/Ovioliimpia.pdf\">nok&#8221;(\u00c9letk\u00e9pek 2018.03.08.)<\/a><a href=\"https:\/\/kolozsvariskola.hu\/Rolunk\/Rolunkkep\/Verselve.pdf\">-&#8220;Verselve versengtek&#8221;(\u00c9letk\u00e9pek 2018.03.08.)<\/a><a href=\"https:\/\/kolozsvariskola.hu\/Rolunk\/Rolunkkep\/Eletkepek171101_SM.pdf\">-&#8220;D\u00eds<\/a><\/em><br><em><a href=\"https:\/\/kolozsvariskola.hu\/Rolunk\/Rolunkkep\/Eletkepek171101_SM.pdf\">polg\u00e1ri elismer\u00e9s&#8221;(\u00c9letk\u00e9pek<\/a><\/em><br><em><a href=\"https:\/\/kolozsvariskola.hu\/Rolunk\/Rolunkkep\/Eletkepek171101_SM.pdf\"> 2017.11.01.)<\/a><a href=\"https:\/\/kolozsvariskola.hu\/Rolunk\/Rolunkkep\/Eletkepek171019_Sasvari.pdf\">\u00a0-&#8220;Sasv\u00e1ri S<\/a><\/em><br><em><a href=\"https:\/\/kolozsvariskola.hu\/Rolunk\/Rolunkkep\/Eletkepek171019_Sasvari.pdf\">\u00e1ndor&#8221;<\/a><\/em><br><em><a href=\"https:\/\/kolozsvariskola.hu\/Rolunk\/Rolunkkep\/Eletkepek171019_Sasvari.pdf\">(\u00c9letk\u00e9pek 2017.10.19.)<\/a><a href=\"https:\/\/kolozsvariskola.hu\/Rolunk\/Rolunkkep\/Eletkepek171005_Csaladinap.pdf\">\u00a0-&#8220;Cs<\/a><\/em><br><em><a href=\"https:\/\/kolozsvariskola.hu\/Rolunk\/Rolunkkep\/Eletkepek171005_Csaladinap.pdf\">al\u00e1di Nap&#8221;(\u00c9letk\u00e9pek 2017.10.05.)<\/a>&#8211;\u00a0<a href=\"https:\/\/www.youtube.com\/watch?v=1OWf-G_CZ_o\">Co<\/a><\/em><br><em><a href=\"https:\/\/www.youtube.com\/watch?v=1OWf-G_CZ_o\">de Week Hungary 2017 flashmob<\/a><a href=\"https:\/\/kolozsvariskola.hu\/Rolunk\/Rolunkkep\/Eletkepek170921_VCS.pdf\">-&#8220;Ripo<\/a><\/em><br><em><a href=\"https:\/\/kolozsvariskola.hu\/Rolunk\/Rolunkkep\/Eletkepek170921_VCS.pdf\">rt&#8221;(\u00c9letk\u00e9pek 2017.09.21.)<\/a><a href=\"https:\/\/kolozsvariskola.hu\/Rolunk\/Rolunkkep\/Eletkepek170921_GZS.pdf\">-&#8220;K\u00e9zilabd<\/a><\/em><br><em><a href=\"https:\/\/kolozsvariskola.hu\/Rolunk\/Rolunkkep\/Eletkepek170921_GZS.pdf\">a&#8221;(\u00c9letk\u00e9pek 2017.09.21.)<\/a><a href=\"https:\/\/kolozsvariskola.hu\/Rolunk\/Rolunkkep\/eletkepek170907.pdf\">-&#8220;Tan<\/a><\/em><br><em><a href=\"https:\/\/kolozsvariskola.hu\/Rolunk\/Rolunkkep\/eletkepek170907.pdf\">\u00e9vnyit\u00f3&#8221;(\u00c9letk\u00e9pek 2017.09.07.)<\/a><\/em><\/td><\/tr><\/tbody><\/table><\/figure>\n","protected":false},"excerpt":{"rendered":"<p>\u00a0-&#8220;K\u00f6lt\u00e9szet napja kicsit m\u00e1sk\u00e9pp&#8221;(Tizen\u00f6t\u00f6dik 2021\/04\/22)-&#8220;Sport \u00f6szt\u00f6nd\u00edj&#8221;(\u00c9letk\u00e9pek 2020\/10)-&#8220;Az \u00e9v tan\u00e1ra ker\u00fcleti d\u00edjazottja 2019.&#8221;(\u00c9letk\u00e9pek 2019\/24)-&#8220;Mes\u00e9s angolverseny&#8221;(\u00c9letk\u00e9pek 2019\/8)-&#8220;N\u00e9pdal\u00e9nekl\u00e9si verseny&#8221;(\u00c9letk\u00e9pek 2018\/23)-&#8220;Ny\u00edlt nap a rend\u0151rs\u00e9gen&#8221;(\u00c9letk\u00e9pek 2018\/19)-&#8220;Zsivaj a kapit\u00e1nys\u00e1gon&#8221;(\u00c9letk\u00e9pek 2018\/19)-&#8220;Gyermeksereg a &hellip; <\/p>\n","protected":false},"author":1,"featured_media":0,"parent":0,"menu_order":0,"comment_status":"closed","ping_status":"closed","template":"","meta":{"_price":"","_stock":"","_tribe_ticket_header":"","_tribe_default_ticket_provider":"","_tribe_ticket_capacity":"0","_ticket_start_date":"","_ticket_end_date":"","_tribe_ticket_show_description":"","_tribe_ticket_show_not_going":false,"_tribe_ticket_use_global_stock":"","_tribe_ticket_global_stock_level":"","_global_stock_mode":"","_global_stock_cap":"","_tribe_rsvp_for_event":"","_tribe_ticket_going_count":"","_tribe_ticket_not_going_count":"","_tribe_tickets_list":"[]","_tribe_ticket_has_attendee_info_fields":false,"footnotes":"","_tec_slr_enabled":"","_tec_slr_layout":""},"class_list":["post-165","page","type-page","status-publish","hentry"],"ticketed":false,"_links":{"self":[{"href":"https:\/\/teszt.kolozsvariskola.hu\/index.php\/wp-json\/wp\/v2\/pages\/165","targetHints":{"allow":["GET"]}}],"collection":[{"href":"https:\/\/teszt.kolozsvariskola.hu\/index.php\/wp-json\/wp\/v2\/pages"}],"about":[{"href":"https:\/\/teszt.kolozsvariskola.hu\/index.php\/wp-json\/wp\/v2\/types\/page"}],"author":[{"embeddable":true,"href":"https:\/\/teszt.kolozsvariskola.hu\/index.php\/wp-json\/wp\/v2\/users\/1"}],"replies":[{"embeddable":true,"href":"https:\/\/teszt.kolozsvariskola.hu\/index.php\/wp-json\/wp\/v2\/comments?post=165"}],"version-history":[{"count":1,"href":"https:\/\/teszt.kolozsvariskola.hu\/index.php\/wp-json\/wp\/v2\/pages\/165\/revisions"}],"predecessor-version":[{"id":167,"href":"https:\/\/teszt.kolozsvariskola.hu\/index.php\/wp-json\/wp\/v2\/pages\/165\/revisions\/167"}],"wp:attachment":[{"href":"https:\/\/teszt.kolozsvariskola.hu\/index.php\/wp-json\/wp\/v2\/media?parent=165"}],"curies":[{"name":"wp","href":"https:\/\/api.w.org\/{rel}","templated":true}]}}