{"id":159,"date":"2025-09-02T11:21:19","date_gmt":"2025-09-02T11:21:19","guid":{"rendered":"https:\/\/teszt.kolozsvariskola.hu\/?page_id=159"},"modified":"2025-09-02T11:21:19","modified_gmt":"2025-09-02T11:21:19","slug":"szuloknek-szol","status":"publish","type":"page","link":"https:\/\/teszt.kolozsvariskola.hu\/index.php\/szuloknek-szol\/","title":{"rendered":"Sz\u00fcl\u0151knek sz\u00f3l"},"content":{"rendered":"\n<p><strong><a href=\"https:\/\/kolozsvariskola.hu\/szuloknek\/fejleszto1.PDF\">Fejleszt\u0151pedag\u00f3gus tan\u00e1csai 1.<\/a><\/strong><\/p>\n","protected":false},"excerpt":{"rendered":"<p>Fejleszt\u0151pedag\u00f3gus tan\u00e1csai 1.<\/p>\n","protected":false},"author":1,"featured_media":0,"parent":0,"menu_order":0,"comment_status":"closed","ping_status":"closed","template":"","meta":{"_price":"","_stock":"","_tribe_ticket_header":"","_tribe_default_ticket_provider":"","_tribe_ticket_capacity":"0","_ticket_start_date":"","_ticket_end_date":"","_tribe_ticket_show_description":"","_tribe_ticket_show_not_going":false,"_tribe_ticket_use_global_stock":"","_tribe_ticket_global_stock_level":"","_global_stock_mode":"","_global_stock_cap":"","_tribe_rsvp_for_event":"","_tribe_ticket_going_count":"","_tribe_ticket_not_going_count":"","_tribe_tickets_list":"[]","_tribe_ticket_has_attendee_info_fields":false,"footnotes":"","_tec_slr_enabled":"","_tec_slr_layout":""},"class_list":["post-159","page","type-page","status-publish","hentry"],"ticketed":false,"_links":{"self":[{"href":"https:\/\/teszt.kolozsvariskola.hu\/index.php\/wp-json\/wp\/v2\/pages\/159","targetHints":{"allow":["GET"]}}],"collection":[{"href":"https:\/\/teszt.kolozsvariskola.hu\/index.php\/wp-json\/wp\/v2\/pages"}],"about":[{"href":"https:\/\/teszt.kolozsvariskola.hu\/index.php\/wp-json\/wp\/v2\/types\/page"}],"author":[{"embeddable":true,"href":"https:\/\/teszt.kolozsvariskola.hu\/index.php\/wp-json\/wp\/v2\/users\/1"}],"replies":[{"embeddable":true,"href":"https:\/\/teszt.kolozsvariskola.hu\/index.php\/wp-json\/wp\/v2\/comments?post=159"}],"version-history":[{"count":1,"href":"https:\/\/teszt.kolozsvariskola.hu\/index.php\/wp-json\/wp\/v2\/pages\/159\/revisions"}],"predecessor-version":[{"id":161,"href":"https:\/\/teszt.kolozsvariskola.hu\/index.php\/wp-json\/wp\/v2\/pages\/159\/revisions\/161"}],"wp:attachment":[{"href":"https:\/\/teszt.kolozsvariskola.hu\/index.php\/wp-json\/wp\/v2\/media?parent=159"}],"curies":[{"name":"wp","href":"https:\/\/api.w.org\/{rel}","templated":true}]}}